{"id":54,"date":"2016-07-15T09:06:38","date_gmt":"2016-07-15T09:06:38","guid":{"rendered":"http:\/\/janstudio.net\/helpdesk\/?page_id=54"},"modified":"2022-11-24T09:32:56","modified_gmt":"2022-11-24T09:32:56","slug":"destek-merkezi","status":"publish","type":"page","link":"https:\/\/www.ihs.com.tr\/destek-merkezi\/","title":{"rendered":"Destek Merkezi"},"content":{"rendered":"<p>[vc_row fullwidth=&#8221;yes&#8221; wrap=&#8221;yes&#8221; background_position=&#8221;center top&#8221; css=&#8221;.vc_custom_1518178404646{padding-top: 60px !important;padding-right: 60px !important;padding-bottom: 60px !important;padding-left: 60px !important;background: #132a4a url(https:\/\/www.ihs.com.tr\/destek-merkezi\/wp-content\/uploads\/2018\/02\/dmbg.png?id=550) !important;background-position: center !important;background-repeat: no-repeat !important;background-size: cover !important;}&#8221;][vc_column][vc_custom_heading text=&#8221;Size nas\u0131l yard\u0131mc\u0131 olabiliriz ?&#8221; font_container=&#8221;tag:h2|font_size:40|text_align:center|color:%23ffffff|line_height:40px&#8221; use_theme_fonts=&#8221;yes&#8221; css=&#8221;.vc_custom_1588086457841{margin-bottom: 10px !important;}&#8221;][vc_column_text]<\/p>\n<p style=\"text-align: center;\"><span style=\"color: #fff;\">Y\u00fczlerce makale ve video tutorial aras\u0131ndan arad\u0131\u011f\u0131n\u0131z\u0131 bulun.<\/span><\/p>\n<p>[\/vc_column_text]<form  style=\"max-width: 705px;\" role=\"search\" method=\"get\" class=\"jas-sc-search-form w__100 pr d-btn center\" action=\"https:\/\/www.ihs.com.tr\/destek-merkezi\/\"><div class=\"flex\"><label><input type=\"text\" class=\"search-field jas-ajax-search\"\n\t\t\t\t\t\tplaceholder=\"Aranacak kelime...\"\n\t\t\t\t\t\tvalue=\"\" name=\"s\"\n\t\t\t\t\t\ttitle=\"Search for:\" \/><\/label><input type=\"submit\" class=\"search-submit f__mont fs__16\"\n\t\t\t\t\tvalue=\"Ara\" \/><\/div><ul class=\"flex search-in pa\"><li>Search in<\/li><li><label for=\"search-in-post\"><input type=\"checkbox\" id=\"search-in-post\" name=\"search-in\" value=\"post\"\/>Post<\/label><\/li><li><label for=\"search-in-forum\"><input type=\"checkbox\" id=\"search-in-forum\" name=\"search-in\" value=\"forum\"\/>Forum<\/label><\/li><li><label for=\"search-in-topic\"><input type=\"checkbox\" id=\"search-in-topic\" name=\"search-in\" value=\"topic\"\/>Topic<\/label><\/li><li><label for=\"search-in-jhelp-kb\"><input type=\"checkbox\" id=\"search-in-jhelp-kb\" name=\"search-in\" value=\"jhelp-kb\"\/>Knowledge Base<\/label><\/li><\/ul><\/form>[\/vc_column][\/vc_row][vc_row fullwidth=&#8221;yes&#8221; wrap=&#8221;yes&#8221; css=&#8221;.vc_custom_1518178884434{padding-top: 80px !important;padding-bottom: 80px !important;background-color: #f2f2f8 !important;}&#8221;][vc_column width=&#8221;1\/3&#8243;]<div class=\"jas-service tc jas-icon-circle\"><div class=\"icon medium cp\" style=\"background: #002e5b;\"><a class=\"pa\" href=\"https:\/\/www.ihs.com.tr\/destek-merkezi\/kb\/\"><i class=\"pe-7s-study\" style=\"color: #ffffff;\"><\/i><\/a><\/div><div class=\"content\"><h3 class=\"title cp fs__18 mt__20 mb__5\" style=\"color: #002e5b;\"><a href=\"https:\/\/www.ihs.com.tr\/destek-merkezi\/kb\/\">Bilgi Bankas\u0131<\/a><\/h3><p>Hosting ve alanad\u0131 y\u00f6netimi konusunda ihtiyac\u0131n\u0131z olabilecek t\u00fcm makaleler.<\/p><a href=\"https:\/\/www.ihs.com.tr\/destek-merkezi\/kb\/\">T\u00fcm Makaleler \u2192<\/a><\/div><\/div>[\/vc_column][vc_column width=&#8221;1\/3&#8243;]<div class=\"jas-service tc jas-icon-circle\"><div class=\"icon medium cp\" style=\"background: #002e5b;\"><a class=\"pa\" href=\"https:\/\/www.ihs.com.tr\/seo\/\"><i class=\"pe-7s-tools\" style=\"color: #ffffff;\"><\/i><\/a><\/div><div class=\"content\"><h3 class=\"title cp fs__18 mt__20 mb__5\" style=\"color: #002e5b;\"><a href=\"https:\/\/www.ihs.com.tr\/seo\/\">SEO Tools<\/a><\/h3><p>SEO ve SEM \u00e7al\u0131\u015fmalar\u0131n\u0131z\u0131 h\u0131zland\u0131racak, ayr\u0131nt\u0131l\u0131 SEO \u00e7al\u0131\u015fmalar\u0131 yapman\u0131z\u0131 sa\u011flayacak ara\u00e7lar.<\/p><a href=\"https:\/\/www.ihs.com.tr\/seo\/\">T\u00fcm Ara\u00e7lar \u2192<\/a><\/div><\/div>[\/vc_column][vc_column width=&#8221;1\/3&#8243;]<div class=\"jas-service tc jas-icon-circle\"><div class=\"icon medium cp\" style=\"background: #002e5b;\"><a class=\"pa\" href=\"https:\/\/www.ihs.com.tr\/destek-merkezi\/videolar\/\"><i class=\"pe-7s-film\" style=\"color: #ffffff;\"><\/i><\/a><\/div><div class=\"content\"><h3 class=\"title cp fs__18 mt__20 mb__5\" style=\"color: #002e5b;\"><a href=\"https:\/\/www.ihs.com.tr\/destek-merkezi\/videolar\/\">Videolar<\/a><\/h3><p>Edestek, domain y\u00f6netimi, hosting y\u00f6netimi vb konularda \u00f6\u011fretici videolar.<\/p><a href=\"https:\/\/www.ihs.com.tr\/destek-merkezi\/videolar\/\">T\u00fcm Videolar \u2192<\/a><\/div><\/div>[\/vc_column][\/vc_row][vc_row css=&#8221;.vc_custom_1472809308089{padding-top: 80px !important;padding-bottom: 80px !important;}&#8221;][vc_column width=&#8221;1\/3&#8243;][vc_custom_heading text=&#8221;Pop\u00fcler Makaleler&#8221; font_container=&#8221;tag:h4|font_size:18|text_align:left|color:%23002e5b|line_height:18px&#8221; use_theme_fonts=&#8221;yes&#8221; css=&#8221;.vc_custom_1518157270044{margin-top: 0px !important;margin-bottom: 20px !important;}&#8221;]<div class=\"jas-sc-kb\"><ul class=\"jas-widget-kb\"><li><a class=\"cg chp\" href=\"https:\/\/www.ihs.com.tr\/destek-merkezi\/kb\/ubuntu-centosda-mysql-nasil-kurulur\/\">Ubuntu ve CentOS&#8217;da MySQL Nas\u0131l Kurulur ?<\/a><\/li><li><a class=\"cg chp\" href=\"https:\/\/www.ihs.com.tr\/destek-merkezi\/kb\/wordpress-config-guvenligi\/\">WordPress Config G\u00fcvenli\u011fi<\/a><\/li><li><a class=\"cg chp\" href=\"https:\/\/www.ihs.com.tr\/destek-merkezi\/kb\/ssh-nedir\/\">SSH Nedir ?<\/a><\/li><li><a class=\"cg chp\" href=\"https:\/\/www.ihs.com.tr\/destek-merkezi\/kb\/farkli-firmadaki-wordpress-web-sitenizi-ihs-hostinge-tasiyin\/\">Farkl\u0131 Firmadaki WordPress Web Sitenizi IHS Hostinge Ta\u015f\u0131y\u0131n<\/a><\/li><li><a class=\"cg chp\" href=\"https:\/\/www.ihs.com.tr\/destek-merkezi\/kb\/wordpress-admin-sifresi-sifirlama\/\">WordPress Admin \u015eifresi S\u0131f\u0131rlama<\/a><\/li><li><a class=\"cg chp\" href=\"https:\/\/www.ihs.com.tr\/destek-merkezi\/kb\/linux-on-bellek-temizleme\/\">Linux \u00d6n Bellek Temizleme<\/a><\/li><\/ul><\/div>[\/vc_column][vc_column width=&#8221;1\/3&#8243;][vc_custom_heading text=&#8221;Pop\u00fcler Videolar&#8221; font_container=&#8221;tag:h4|font_size:18|text_align:left|color:%23002e5b|line_height:18px&#8221; use_theme_fonts=&#8221;yes&#8221; css=&#8221;.vc_custom_1518157288897{margin-top: 0px !important;margin-bottom: 20px !important;}&#8221;][vc_video link=&#8221;https:\/\/www.youtube.com\/watch?v=iwuW-yZMdlQ&#8221;][\/vc_column][vc_column width=&#8221;1\/3&#8243;][vc_custom_heading text=&#8221;G\u00fcncel Kampanyalar&#8221; font_container=&#8221;tag:h4|font_size:18|text_align:left|color:%23002e5b|line_height:18px&#8221; use_theme_fonts=&#8221;yes&#8221; css=&#8221;.vc_custom_1518157311251{margin-top: 0px !important;margin-bottom: 20px !important;}&#8221;][vc_images_carousel images=&#8221;939&#8243; img_size=&#8221;370&#215;210&#8243; onclick=&#8221;custom_link&#8221; custom_links_target=&#8221;_blank&#8221; custom_links=&#8221;#E-8_aHR0cHMlM0ElMkYlMkZ3d3cuaWhzLmNvbS50cg==&#8221;][\/vc_column][\/vc_row]<\/p>\n","protected":false},"excerpt":{"rendered":"<p>[vc_row fullwidth=&#8221;yes&#8221; wrap=&#8221;yes&#8221; background_position=&#8221;center top&#8221; css=&#8221;.vc_custom_1518178404646{padding-top: 60px !important;padding-right: 60px !important;padding-bottom: 60px !important;padding-left: 60px !important;background: #132a4a url(https:\/\/www.ihs.com.tr\/destek-merkezi\/wp-content\/uploads\/2018\/02\/dmbg.png?id=550) !important;background-position: center !important;background-repeat: no-repeat !important;background-size: cover !important;}&#8221;][vc_column][vc_custom_heading text=&#8221;Size nas\u0131l yard\u0131mc\u0131 olabiliriz ?&#8221; font_container=&#8221;tag:h2|font_size:40|text_align:center|color:%23ffffff|line_height:40px&#8221; use_theme_fonts=&#8221;yes&#8221; css=&#8221;.vc_custom_1588086457841{margin-bottom: 10px !important;}&#8221;][vc_column_text] Y\u00fczlerce makale ve video tutorial aras\u0131ndan arad\u0131\u011f\u0131n\u0131z\u0131 bulun. [\/vc_column_text][\/vc_column][\/vc_row][vc_row fullwidth=&#8221;yes&#8221; wrap=&#8221;yes&#8221; css=&#8221;.vc_custom_1518178884434{padding-top: 80px !important;padding-bottom: 80px !important;background-color: #f2f2f8 !important;}&#8221;][vc_column width=&#8221;1\/3&#8243;][\/vc_column][vc_column width=&#8221;1\/3&#8243;][\/vc_column][vc_column width=&#8221;1\/3&#8243;][\/vc_column][\/vc_row][vc_row css=&#8221;.vc_custom_1472809308089{padding-top: [&hellip;]<\/p>\n","protected":false},"author":1,"featured_media":0,"parent":0,"menu_order":1,"comment_status":"closed","ping_status":"closed","template":"","meta":[],"_links":{"self":[{"href":"https:\/\/www.ihs.com.tr\/destek-merkezi\/wp-json\/wp\/v2\/pages\/54"}],"collection":[{"href":"https:\/\/www.ihs.com.tr\/destek-merkezi\/wp-json\/wp\/v2\/pages"}],"about":[{"href":"https:\/\/www.ihs.com.tr\/destek-merkezi\/wp-json\/wp\/v2\/types\/page"}],"author":[{"embeddable":true,"href":"https:\/\/www.ihs.com.tr\/destek-merkezi\/wp-json\/wp\/v2\/users\/1"}],"replies":[{"embeddable":true,"href":"https:\/\/www.ihs.com.tr\/destek-merkezi\/wp-json\/wp\/v2\/comments?post=54"}],"version-history":[{"count":119,"href":"https:\/\/www.ihs.com.tr\/destek-merkezi\/wp-json\/wp\/v2\/pages\/54\/revisions"}],"predecessor-version":[{"id":940,"href":"https:\/\/www.ihs.com.tr\/destek-merkezi\/wp-json\/wp\/v2\/pages\/54\/revisions\/940"}],"wp:attachment":[{"href":"https:\/\/www.ihs.com.tr\/destek-merkezi\/wp-json\/wp\/v2\/media?parent=54"}],"curies":[{"name":"wp","href":"https:\/\/api.w.org\/{rel}","templated":true}]}}